{"id":553,"date":"2025-01-27T23:43:21","date_gmt":"2025-01-27T22:43:21","guid":{"rendered":"https:\/\/www.6enligne.net\/?page_id=553"},"modified":"2025-01-27T23:44:42","modified_gmt":"2025-01-27T22:44:42","slug":"carrosserie","status":"publish","type":"page","link":"https:\/\/www.6enligne.net\/?page_id=553","title":{"rendered":"Carrosserie"},"content":{"rendered":"\t\t<div data-elementor-type=\"wp-page\" data-elementor-id=\"553\" class=\"elementor elementor-553\">\n\t\t\t\t<div class=\"elementor-element elementor-element-5ed4b720 e-flex e-con-boxed e-con e-parent\" data-id=\"5ed4b720\" data-element_type=\"container\" data-e-type=\"container\">\n\t\t\t\t\t<div class=\"e-con-inner\">\n\t\t\t\t<div class=\"elementor-element elementor-element-40a35b7a elementor-widget elementor-widget-text-editor\" data-id=\"40a35b7a\" data-element_type=\"widget\" data-e-type=\"widget\" data-widget_type=\"text-editor.default\">\n\t\t\t\t<div class=\"elementor-widget-container\">\n\t\t\t\t\t\t\t\t\t<ul><li><a href=\"https:\/\/www.6enligne.net\/?fiche_technique=decoupage-des-ailes-avant-sur-e10\">D\u00e9coupage des ailes avant sur E10<\/a><\/li><li>D\u00e9montage de la contre-porte arri\u00e8re sur E34<\/li><li>D\u00e9montage de la contre-porte arri\u00e8re sur E30<\/li><li>D\u00e9montage de la contre-porte arri\u00e8re sur E46<\/li><li>D\u00e9montage de la contre-porte avant sur E21<\/li><li>D\u00e9montage de la contre-porte avant sur E36<\/li><li>D\u00e9montage de la contre-porte avant sur E39<\/li><li>D\u00e9montage de la contre-porte avant sur E46<\/li><li>D\u00e9montage et r\u00e9glage de la boite \u00e0 gants par rapport au tableau de bord sur E36<\/li><li>D\u00e9pose d&rsquo;une aile sur E30<\/li><li>Les diff\u00e9rents types de soudure<\/li><li>R\u00e9paration d&rsquo;une charni\u00e8re de malle de E30<\/li><li>Silentbloc de train arri\u00e8re sur E39<\/li><\/ul>\t\t\t\t\t\t\t\t<\/div>\n\t\t\t\t<\/div>\n\t\t\t\t\t<\/div>\n\t\t\t\t<\/div>\n\t\t<div class=\"elementor-element elementor-element-89c0150 e-flex e-con-boxed e-con e-parent\" data-id=\"89c0150\" data-element_type=\"container\" data-e-type=\"container\">\n\t\t\t\t\t<div class=\"e-con-inner\">\n\t\t\t\t<div class=\"elementor-element elementor-element-96693ac elementor-alert-danger elementor-widget elementor-widget-alert\" data-id=\"96693ac\" data-element_type=\"widget\" data-e-type=\"widget\" data-widget_type=\"alert.default\">\n\t\t\t\t<div class=\"elementor-widget-container\">\n\t\t\t\t\t\t\t<div class=\"elementor-alert\" role=\"alert\">\n\n\t\t\t\t\t\t<span class=\"elementor-alert-title\">Important<\/span>\n\t\t\t\n\t\t\t\t\t\t<span class=\"elementor-alert-description\">Nous d\u00e9clinons toute responsabilit\u00e9 en cas de dommages caus\u00e9s suite \u00e0 utilisation de ces fiches technique.\nToute reproduction m\u00eame partielle du contenu des fiches technique sans notre accord pr\u00e9alable est strictement interdite.<\/span>\n\t\t\t\n\t\t\t\n\t\t<\/div>\n\t\t\t\t\t\t<\/div>\n\t\t\t\t<\/div>\n\t\t\t\t\t<\/div>\n\t\t\t\t<\/div>\n\t\t\t\t<\/div>\n\t\t","protected":false},"excerpt":{"rendered":"<p>D\u00e9coupage des ailes avant sur E10 D\u00e9montage de la contre-porte arri\u00e8re sur E34 D\u00e9montage de la contre-porte arri\u00e8re sur E30 D\u00e9montage de la contre-porte arri\u00e8re sur E46 D\u00e9montage de la contre-porte avant sur E21 D\u00e9montage de la contre-porte avant sur E36 D\u00e9montage de la contre-porte avant sur E39 D\u00e9montage de [&hellip;]<\/p>\n","protected":false},"author":1,"featured_media":0,"parent":77,"menu_order":0,"comment_status":"closed","ping_status":"closed","template":"","meta":{"_monsterinsights_skip_tracking":false,"_monsterinsights_sitenote_active":false,"_monsterinsights_sitenote_note":"","_monsterinsights_sitenote_category":0,"footnotes":""},"class_list":["post-553","page","type-page","status-publish","hentry"],"yoast_head":"<!-- This site is optimized with the Yoast SEO plugin v27.1.1 - https:\/\/yoast.com\/product\/yoast-seo-wordpress\/ -->\n<title>Carrosserie - 6EnLigne<\/title>\n<meta name=\"robots\" content=\"index, follow, max-snippet:-1, max-image-preview:large, max-video-preview:-1\" \/>\n<link rel=\"canonical\" href=\"https:\/\/www.6enligne.net\/?page_id=553\" \/>\n<meta property=\"og:locale\" content=\"fr_FR\" \/>\n<meta property=\"og:type\" content=\"article\" \/>\n<meta property=\"og:title\" content=\"Carrosserie - 6EnLigne\" \/>\n<meta property=\"og:description\" content=\"D\u00e9coupage des ailes avant sur E10 D\u00e9montage de la contre-porte arri\u00e8re sur E34 D\u00e9montage de la contre-porte arri\u00e8re sur E30 D\u00e9montage de la contre-porte arri\u00e8re sur E46 D\u00e9montage de la contre-porte avant sur E21 D\u00e9montage de la contre-porte avant sur E36 D\u00e9montage de la contre-porte avant sur E39 D\u00e9montage de [&hellip;]\" \/>\n<meta property=\"og:url\" content=\"https:\/\/www.6enligne.net\/?page_id=553\" \/>\n<meta property=\"og:site_name\" content=\"6EnLigne\" \/>\n<meta property=\"article:modified_time\" content=\"2025-01-27T22:44:42+00:00\" \/>\n<meta name=\"twitter:card\" content=\"summary_large_image\" \/>\n<meta name=\"twitter:label1\" content=\"Dur\u00e9e de lecture estim\u00e9e\" \/>\n\t<meta name=\"twitter:data1\" content=\"1 minute\" \/>\n<script type=\"application\/ld+json\" class=\"yoast-schema-graph\">{\"@context\":\"https:\/\/schema.org\",\"@graph\":[{\"@type\":\"WebPage\",\"@id\":\"https:\/\/www.6enligne.net\/?page_id=553\",\"url\":\"https:\/\/www.6enligne.net\/?page_id=553\",\"name\":\"Carrosserie - 6EnLigne\",\"isPartOf\":{\"@id\":\"https:\/\/www.6enligne.net\/#website\"},\"datePublished\":\"2025-01-27T22:43:21+00:00\",\"dateModified\":\"2025-01-27T22:44:42+00:00\",\"breadcrumb\":{\"@id\":\"https:\/\/www.6enligne.net\/?page_id=553#breadcrumb\"},\"inLanguage\":\"fr-FR\",\"potentialAction\":[{\"@type\":\"ReadAction\",\"target\":[\"https:\/\/www.6enligne.net\/?page_id=553\"]}]},{\"@type\":\"BreadcrumbList\",\"@id\":\"https:\/\/www.6enligne.net\/?page_id=553#breadcrumb\",\"itemListElement\":[{\"@type\":\"ListItem\",\"position\":1,\"name\":\"Accueil\",\"item\":\"https:\/\/www.6enligne.net\/\"},{\"@type\":\"ListItem\",\"position\":2,\"name\":\"Les Fiches Techniques\",\"item\":\"https:\/\/www.6enligne.net\/?page_id=77\"},{\"@type\":\"ListItem\",\"position\":3,\"name\":\"Carrosserie\"}]},{\"@type\":\"WebSite\",\"@id\":\"https:\/\/www.6enligne.net\/#website\",\"url\":\"https:\/\/www.6enligne.net\/\",\"name\":\"6enligne.net\",\"description\":\"\",\"publisher\":{\"@id\":\"https:\/\/www.6enligne.net\/#organization\"},\"potentialAction\":[{\"@type\":\"SearchAction\",\"target\":{\"@type\":\"EntryPoint\",\"urlTemplate\":\"https:\/\/www.6enligne.net\/?s={search_term_string}\"},\"query-input\":{\"@type\":\"PropertyValueSpecification\",\"valueRequired\":true,\"valueName\":\"search_term_string\"}}],\"inLanguage\":\"fr-FR\"},{\"@type\":\"Organization\",\"@id\":\"https:\/\/www.6enligne.net\/#organization\",\"name\":\"6enligne.net\",\"url\":\"https:\/\/www.6enligne.net\/\",\"logo\":{\"@type\":\"ImageObject\",\"inLanguage\":\"fr-FR\",\"@id\":\"https:\/\/www.6enligne.net\/#\/schema\/logo\/image\/\",\"url\":\"https:\/\/i0.wp.com\/www.6enligne.net\/wp-content\/uploads\/2025\/01\/cropped-images-removebg-preview.png?fit=176%2C166&ssl=1\",\"contentUrl\":\"https:\/\/i0.wp.com\/www.6enligne.net\/wp-content\/uploads\/2025\/01\/cropped-images-removebg-preview.png?fit=176%2C166&ssl=1\",\"width\":176,\"height\":166,\"caption\":\"6enligne.net\"},\"image\":{\"@id\":\"https:\/\/www.6enligne.net\/#\/schema\/logo\/image\/\"}}]}<\/script>\n<!-- \/ Yoast SEO plugin. -->","yoast_head_json":{"title":"Carrosserie - 6EnLigne","robots":{"index":"index","follow":"follow","max-snippet":"max-snippet:-1","max-image-preview":"max-image-preview:large","max-video-preview":"max-video-preview:-1"},"canonical":"https:\/\/www.6enligne.net\/?page_id=553","og_locale":"fr_FR","og_type":"article","og_title":"Carrosserie - 6EnLigne","og_description":"D\u00e9coupage des ailes avant sur E10 D\u00e9montage de la contre-porte arri\u00e8re sur E34 D\u00e9montage de la contre-porte arri\u00e8re sur E30 D\u00e9montage de la contre-porte arri\u00e8re sur E46 D\u00e9montage de la contre-porte avant sur E21 D\u00e9montage de la contre-porte avant sur E36 D\u00e9montage de la contre-porte avant sur E39 D\u00e9montage de [&hellip;]","og_url":"https:\/\/www.6enligne.net\/?page_id=553","og_site_name":"6EnLigne","article_modified_time":"2025-01-27T22:44:42+00:00","twitter_card":"summary_large_image","twitter_misc":{"Dur\u00e9e de lecture estim\u00e9e":"1 minute"},"schema":{"@context":"https:\/\/schema.org","@graph":[{"@type":"WebPage","@id":"https:\/\/www.6enligne.net\/?page_id=553","url":"https:\/\/www.6enligne.net\/?page_id=553","name":"Carrosserie - 6EnLigne","isPartOf":{"@id":"https:\/\/www.6enligne.net\/#website"},"datePublished":"2025-01-27T22:43:21+00:00","dateModified":"2025-01-27T22:44:42+00:00","breadcrumb":{"@id":"https:\/\/www.6enligne.net\/?page_id=553#breadcrumb"},"inLanguage":"fr-FR","potentialAction":[{"@type":"ReadAction","target":["https:\/\/www.6enligne.net\/?page_id=553"]}]},{"@type":"BreadcrumbList","@id":"https:\/\/www.6enligne.net\/?page_id=553#breadcrumb","itemListElement":[{"@type":"ListItem","position":1,"name":"Accueil","item":"https:\/\/www.6enligne.net\/"},{"@type":"ListItem","position":2,"name":"Les Fiches Techniques","item":"https:\/\/www.6enligne.net\/?page_id=77"},{"@type":"ListItem","position":3,"name":"Carrosserie"}]},{"@type":"WebSite","@id":"https:\/\/www.6enligne.net\/#website","url":"https:\/\/www.6enligne.net\/","name":"6enligne.net","description":"","publisher":{"@id":"https:\/\/www.6enligne.net\/#organization"},"potentialAction":[{"@type":"SearchAction","target":{"@type":"EntryPoint","urlTemplate":"https:\/\/www.6enligne.net\/?s={search_term_string}"},"query-input":{"@type":"PropertyValueSpecification","valueRequired":true,"valueName":"search_term_string"}}],"inLanguage":"fr-FR"},{"@type":"Organization","@id":"https:\/\/www.6enligne.net\/#organization","name":"6enligne.net","url":"https:\/\/www.6enligne.net\/","logo":{"@type":"ImageObject","inLanguage":"fr-FR","@id":"https:\/\/www.6enligne.net\/#\/schema\/logo\/image\/","url":"https:\/\/i0.wp.com\/www.6enligne.net\/wp-content\/uploads\/2025\/01\/cropped-images-removebg-preview.png?fit=176%2C166&ssl=1","contentUrl":"https:\/\/i0.wp.com\/www.6enligne.net\/wp-content\/uploads\/2025\/01\/cropped-images-removebg-preview.png?fit=176%2C166&ssl=1","width":176,"height":166,"caption":"6enligne.net"},"image":{"@id":"https:\/\/www.6enligne.net\/#\/schema\/logo\/image\/"}}]}},"jetpack_sharing_enabled":true,"_links":{"self":[{"href":"https:\/\/www.6enligne.net\/index.php?rest_route=\/wp\/v2\/pages\/553","targetHints":{"allow":["GET"]}}],"collection":[{"href":"https:\/\/www.6enligne.net\/index.php?rest_route=\/wp\/v2\/pages"}],"about":[{"href":"https:\/\/www.6enligne.net\/index.php?rest_route=\/wp\/v2\/types\/page"}],"author":[{"embeddable":true,"href":"https:\/\/www.6enligne.net\/index.php?rest_route=\/wp\/v2\/users\/1"}],"replies":[{"embeddable":true,"href":"https:\/\/www.6enligne.net\/index.php?rest_route=%2Fwp%2Fv2%2Fcomments&post=553"}],"version-history":[{"count":4,"href":"https:\/\/www.6enligne.net\/index.php?rest_route=\/wp\/v2\/pages\/553\/revisions"}],"predecessor-version":[{"id":557,"href":"https:\/\/www.6enligne.net\/index.php?rest_route=\/wp\/v2\/pages\/553\/revisions\/557"}],"up":[{"embeddable":true,"href":"https:\/\/www.6enligne.net\/index.php?rest_route=\/wp\/v2\/pages\/77"}],"wp:attachment":[{"href":"https:\/\/www.6enligne.net\/index.php?rest_route=%2Fwp%2Fv2%2Fmedia&parent=553"}],"curies":[{"name":"wp","href":"https:\/\/api.w.org\/{rel}","templated":true}]}}