{"id":559,"date":"2025-01-27T23:51:47","date_gmt":"2025-01-27T22:51:47","guid":{"rendered":"https:\/\/www.6enligne.net\/?page_id=559"},"modified":"2025-01-28T00:13:04","modified_gmt":"2025-01-27T23:13:04","slug":"equipements","status":"publish","type":"page","link":"https:\/\/www.6enligne.net\/?page_id=559","title":{"rendered":"\u00c9quipements"},"content":{"rendered":"\t\t<div data-elementor-type=\"wp-page\" data-elementor-id=\"559\" class=\"elementor elementor-559\">\n\t\t\t\t<div class=\"elementor-element elementor-element-6d9f7dea e-flex e-con-boxed e-con e-parent\" data-id=\"6d9f7dea\" data-element_type=\"container\" data-e-type=\"container\">\n\t\t\t\t\t<div class=\"e-con-inner\">\n\t\t\t\t<div class=\"elementor-element elementor-element-2da50df5 elementor-widget elementor-widget-text-editor\" data-id=\"2da50df5\" data-element_type=\"widget\" data-e-type=\"widget\" data-widget_type=\"text-editor.default\">\n\t\t\t\t<div class=\"elementor-widget-container\">\n\t\t\t\t\t\t\t\t\t<ul><li><a href=\"https:\/\/www.6enligne.net\/?fiche_technique=ajout-de-vitres-arrieres-electriques-sur-e30\">Ajout de vitres arri\u00e8res \u00e9lectriques sur E30<\/a><\/li><li>Changement des joints de pompe de direction assist\u00e9e sur E24, E28, E30, E31, E32, E34, E36 et Z1<\/li><li>D\u00e9montage de l&rsquo;airbag et du volant sur E34<\/li><li>D\u00e9montage des r\u00e9p\u00e9titeurs de clignotants sur E39<\/li><li>D\u00e9sassemblage d&rsquo;un r\u00e9troviseur de E36<\/li><li>Echange du condenseur de climatisation sur E34<\/li><li>L&#8217;embrayage de climatisation<\/li><li>Installation d&rsquo;un accoudoir central sur E36<\/li><li>Installation de phares de E60 LCI sur E60 phase 1<\/li><li>Installation d&rsquo;un r\u00e9gulateur de vitesse (tempomat) sur E46 essence<\/li><li>Installation d&rsquo;un volant multifonction sur E46<\/li><li>Installation d&rsquo;un kit de fermeture centralis\u00e9e universel sur E36<\/li><li>Installation d&rsquo;un ODB 18 touches sur E36<\/li><li>Installation d&rsquo;un radar de recul universel sur E46<\/li><li>Installation d&rsquo;un r\u00e9gulateur de vitesse (tempomat) sur E32<\/li><li>Installation d&rsquo;un r\u00e9gulateur de vitesse (tempomat) sur E34 diesel<\/li><li>Installation d&rsquo;un r\u00e9gulateur de vitesse (tempomat) sur E36 diesel<\/li><li>Installation d&rsquo;un r\u00e9gulateur de vitesse (tempomat) sur E36 essence<\/li><li>Installation d&rsquo;un r\u00e9gulateur de vitesse (tempomat) sur E36 essence (variante 1)<\/li><li>Installation d&rsquo;un r\u00e9gulateur de vitesse (tempomat) sur E36 essence (variante 2)<\/li><li>Installation d&rsquo;un rideau \u00e9lectrique sur E46<\/li><li><a href=\"https:\/\/www.6enligne.net\/?fiche_technique=les-aides-a-la-conduite\">Les aides \u00e0 la conduite<\/a><\/li><li><a href=\"https:\/\/www.6enligne.net\/?fiche_technique=menu-cache-odb-e46-et-programmation-cle\">Menu cach\u00e9 ODB E46 et programmation cl\u00e9<\/a><\/li><li>R\u00e9glage des vitres sur E30 cabriolet<\/li><li>Remplacement d&rsquo;un barillet de serrure sur E30<\/li><li>Remplacement de la platine du combin\u00e9 d&rsquo;instruments sur E30<\/li><li>Remplacement des feux arri\u00e8re sur E39<\/li><li>Remplacement des housses de si\u00e8ges sport sur E23, E24 ou E28<\/li><li>Remplacement des phares sur E39<\/li><li>Remplacement des pi\u00e8ces de r\u00e9glage des phares sur E39<\/li><li>Remplacement du l\u00e8ve vitre arri\u00e8re sur E46<\/li><li>Remplacement du m\u00e9canisme de vitre \u00e9lectrique arri\u00e8re sur E39 phase 1<\/li><li>Remplacement du m\u00e9canisme d&rsquo;essuie-glace sur E34<\/li><li>R\u00e9paration de la climatisation automatique sur E32, E34, E36, E38, E39<\/li><li>R\u00e9paration des pixels sur E38, E39 et X5 E53<\/li><li>R\u00e9paration du m\u00e9canisme de vitre \u00e9lectrique sur E36<\/li><li>R\u00e9paration d&rsquo;un moteur de vitre \u00e9lectrique sur E36<\/li><li>R\u00e9paration de l&rsquo;\u00e9cran d&rsquo;un ordinateur de bord sur E36<\/li><li>Retirer un CD ou DVD coinc\u00e9 dans un lecteur GPS BMW MK III<\/li><\/ul>\t\t\t\t\t\t\t\t<\/div>\n\t\t\t\t<\/div>\n\t\t\t\t\t<\/div>\n\t\t\t\t<\/div>\n\t\t<div class=\"elementor-element elementor-element-11c7cb5 e-flex e-con-boxed e-con e-parent\" data-id=\"11c7cb5\" data-element_type=\"container\" data-e-type=\"container\">\n\t\t\t\t\t<div class=\"e-con-inner\">\n\t\t\t\t<div class=\"elementor-element elementor-element-724cb44 elementor-alert-danger elementor-widget elementor-widget-alert\" data-id=\"724cb44\" data-element_type=\"widget\" data-e-type=\"widget\" data-widget_type=\"alert.default\">\n\t\t\t\t<div class=\"elementor-widget-container\">\n\t\t\t\t\t\t\t<div class=\"elementor-alert\" role=\"alert\">\n\n\t\t\t\t\t\t<span class=\"elementor-alert-title\">Important<\/span>\n\t\t\t\n\t\t\t\t\t\t<span class=\"elementor-alert-description\">Nous d\u00e9clinons toute responsabilit\u00e9 en cas de dommages caus\u00e9s suite \u00e0 utilisation de ces fiches technique.\nToute reproduction m\u00eame partielle du contenu des fiches technique sans notre accord pr\u00e9alable est strictement interdite.<\/span>\n\t\t\t\n\t\t\t\n\t\t<\/div>\n\t\t\t\t\t\t<\/div>\n\t\t\t\t<\/div>\n\t\t\t\t\t<\/div>\n\t\t\t\t<\/div>\n\t\t\t\t<\/div>\n\t\t","protected":false},"excerpt":{"rendered":"<p>Ajout de vitres arri\u00e8res \u00e9lectriques sur E30 Changement des joints de pompe de direction assist\u00e9e sur E24, E28, E30, E31, E32, E34, E36 et Z1 D\u00e9montage de l&rsquo;airbag et du volant sur E34 D\u00e9montage des r\u00e9p\u00e9titeurs de clignotants sur E39 D\u00e9sassemblage d&rsquo;un r\u00e9troviseur de E36 Echange du condenseur de climatisation [&hellip;]<\/p>\n","protected":false},"author":1,"featured_media":0,"parent":77,"menu_order":0,"comment_status":"closed","ping_status":"closed","template":"","meta":{"_monsterinsights_skip_tracking":false,"_monsterinsights_sitenote_active":false,"_monsterinsights_sitenote_note":"","_monsterinsights_sitenote_category":0,"footnotes":""},"class_list":["post-559","page","type-page","status-publish","hentry"],"yoast_head":"<!-- This site is optimized with the Yoast SEO plugin v27.1.1 - https:\/\/yoast.com\/product\/yoast-seo-wordpress\/ -->\n<title>\u00c9quipements - 6EnLigne<\/title>\n<meta name=\"robots\" content=\"index, follow, max-snippet:-1, max-image-preview:large, max-video-preview:-1\" \/>\n<link rel=\"canonical\" href=\"https:\/\/www.6enligne.net\/?page_id=559\" \/>\n<meta property=\"og:locale\" content=\"fr_FR\" \/>\n<meta property=\"og:type\" content=\"article\" \/>\n<meta property=\"og:title\" content=\"\u00c9quipements - 6EnLigne\" \/>\n<meta property=\"og:description\" content=\"Ajout de vitres arri\u00e8res \u00e9lectriques sur E30 Changement des joints de pompe de direction assist\u00e9e sur E24, E28, E30, E31, E32, E34, E36 et Z1 D\u00e9montage de l&rsquo;airbag et du volant sur E34 D\u00e9montage des r\u00e9p\u00e9titeurs de clignotants sur E39 D\u00e9sassemblage d&rsquo;un r\u00e9troviseur de E36 Echange du condenseur de climatisation [&hellip;]\" \/>\n<meta property=\"og:url\" content=\"https:\/\/www.6enligne.net\/?page_id=559\" \/>\n<meta property=\"og:site_name\" content=\"6EnLigne\" \/>\n<meta property=\"article:modified_time\" content=\"2025-01-27T23:13:04+00:00\" \/>\n<meta name=\"twitter:card\" content=\"summary_large_image\" \/>\n<meta name=\"twitter:label1\" content=\"Dur\u00e9e de lecture estim\u00e9e\" \/>\n\t<meta name=\"twitter:data1\" content=\"2 minutes\" \/>\n<script type=\"application\/ld+json\" class=\"yoast-schema-graph\">{\"@context\":\"https:\/\/schema.org\",\"@graph\":[{\"@type\":\"WebPage\",\"@id\":\"https:\/\/www.6enligne.net\/?page_id=559\",\"url\":\"https:\/\/www.6enligne.net\/?page_id=559\",\"name\":\"\u00c9quipements - 6EnLigne\",\"isPartOf\":{\"@id\":\"https:\/\/www.6enligne.net\/#website\"},\"datePublished\":\"2025-01-27T22:51:47+00:00\",\"dateModified\":\"2025-01-27T23:13:04+00:00\",\"breadcrumb\":{\"@id\":\"https:\/\/www.6enligne.net\/?page_id=559#breadcrumb\"},\"inLanguage\":\"fr-FR\",\"potentialAction\":[{\"@type\":\"ReadAction\",\"target\":[\"https:\/\/www.6enligne.net\/?page_id=559\"]}]},{\"@type\":\"BreadcrumbList\",\"@id\":\"https:\/\/www.6enligne.net\/?page_id=559#breadcrumb\",\"itemListElement\":[{\"@type\":\"ListItem\",\"position\":1,\"name\":\"Accueil\",\"item\":\"https:\/\/www.6enligne.net\/\"},{\"@type\":\"ListItem\",\"position\":2,\"name\":\"Les Fiches Techniques\",\"item\":\"https:\/\/www.6enligne.net\/?page_id=77\"},{\"@type\":\"ListItem\",\"position\":3,\"name\":\"\u00c9quipements\"}]},{\"@type\":\"WebSite\",\"@id\":\"https:\/\/www.6enligne.net\/#website\",\"url\":\"https:\/\/www.6enligne.net\/\",\"name\":\"6enligne.net\",\"description\":\"\",\"publisher\":{\"@id\":\"https:\/\/www.6enligne.net\/#organization\"},\"potentialAction\":[{\"@type\":\"SearchAction\",\"target\":{\"@type\":\"EntryPoint\",\"urlTemplate\":\"https:\/\/www.6enligne.net\/?s={search_term_string}\"},\"query-input\":{\"@type\":\"PropertyValueSpecification\",\"valueRequired\":true,\"valueName\":\"search_term_string\"}}],\"inLanguage\":\"fr-FR\"},{\"@type\":\"Organization\",\"@id\":\"https:\/\/www.6enligne.net\/#organization\",\"name\":\"6enligne.net\",\"url\":\"https:\/\/www.6enligne.net\/\",\"logo\":{\"@type\":\"ImageObject\",\"inLanguage\":\"fr-FR\",\"@id\":\"https:\/\/www.6enligne.net\/#\/schema\/logo\/image\/\",\"url\":\"https:\/\/i0.wp.com\/www.6enligne.net\/wp-content\/uploads\/2025\/01\/cropped-images-removebg-preview.png?fit=176%2C166&ssl=1\",\"contentUrl\":\"https:\/\/i0.wp.com\/www.6enligne.net\/wp-content\/uploads\/2025\/01\/cropped-images-removebg-preview.png?fit=176%2C166&ssl=1\",\"width\":176,\"height\":166,\"caption\":\"6enligne.net\"},\"image\":{\"@id\":\"https:\/\/www.6enligne.net\/#\/schema\/logo\/image\/\"}}]}<\/script>\n<!-- \/ Yoast SEO plugin. -->","yoast_head_json":{"title":"\u00c9quipements - 6EnLigne","robots":{"index":"index","follow":"follow","max-snippet":"max-snippet:-1","max-image-preview":"max-image-preview:large","max-video-preview":"max-video-preview:-1"},"canonical":"https:\/\/www.6enligne.net\/?page_id=559","og_locale":"fr_FR","og_type":"article","og_title":"\u00c9quipements - 6EnLigne","og_description":"Ajout de vitres arri\u00e8res \u00e9lectriques sur E30 Changement des joints de pompe de direction assist\u00e9e sur E24, E28, E30, E31, E32, E34, E36 et Z1 D\u00e9montage de l&rsquo;airbag et du volant sur E34 D\u00e9montage des r\u00e9p\u00e9titeurs de clignotants sur E39 D\u00e9sassemblage d&rsquo;un r\u00e9troviseur de E36 Echange du condenseur de climatisation [&hellip;]","og_url":"https:\/\/www.6enligne.net\/?page_id=559","og_site_name":"6EnLigne","article_modified_time":"2025-01-27T23:13:04+00:00","twitter_card":"summary_large_image","twitter_misc":{"Dur\u00e9e de lecture estim\u00e9e":"2 minutes"},"schema":{"@context":"https:\/\/schema.org","@graph":[{"@type":"WebPage","@id":"https:\/\/www.6enligne.net\/?page_id=559","url":"https:\/\/www.6enligne.net\/?page_id=559","name":"\u00c9quipements - 6EnLigne","isPartOf":{"@id":"https:\/\/www.6enligne.net\/#website"},"datePublished":"2025-01-27T22:51:47+00:00","dateModified":"2025-01-27T23:13:04+00:00","breadcrumb":{"@id":"https:\/\/www.6enligne.net\/?page_id=559#breadcrumb"},"inLanguage":"fr-FR","potentialAction":[{"@type":"ReadAction","target":["https:\/\/www.6enligne.net\/?page_id=559"]}]},{"@type":"BreadcrumbList","@id":"https:\/\/www.6enligne.net\/?page_id=559#breadcrumb","itemListElement":[{"@type":"ListItem","position":1,"name":"Accueil","item":"https:\/\/www.6enligne.net\/"},{"@type":"ListItem","position":2,"name":"Les Fiches Techniques","item":"https:\/\/www.6enligne.net\/?page_id=77"},{"@type":"ListItem","position":3,"name":"\u00c9quipements"}]},{"@type":"WebSite","@id":"https:\/\/www.6enligne.net\/#website","url":"https:\/\/www.6enligne.net\/","name":"6enligne.net","description":"","publisher":{"@id":"https:\/\/www.6enligne.net\/#organization"},"potentialAction":[{"@type":"SearchAction","target":{"@type":"EntryPoint","urlTemplate":"https:\/\/www.6enligne.net\/?s={search_term_string}"},"query-input":{"@type":"PropertyValueSpecification","valueRequired":true,"valueName":"search_term_string"}}],"inLanguage":"fr-FR"},{"@type":"Organization","@id":"https:\/\/www.6enligne.net\/#organization","name":"6enligne.net","url":"https:\/\/www.6enligne.net\/","logo":{"@type":"ImageObject","inLanguage":"fr-FR","@id":"https:\/\/www.6enligne.net\/#\/schema\/logo\/image\/","url":"https:\/\/i0.wp.com\/www.6enligne.net\/wp-content\/uploads\/2025\/01\/cropped-images-removebg-preview.png?fit=176%2C166&ssl=1","contentUrl":"https:\/\/i0.wp.com\/www.6enligne.net\/wp-content\/uploads\/2025\/01\/cropped-images-removebg-preview.png?fit=176%2C166&ssl=1","width":176,"height":166,"caption":"6enligne.net"},"image":{"@id":"https:\/\/www.6enligne.net\/#\/schema\/logo\/image\/"}}]}},"jetpack_sharing_enabled":true,"_links":{"self":[{"href":"https:\/\/www.6enligne.net\/index.php?rest_route=\/wp\/v2\/pages\/559","targetHints":{"allow":["GET"]}}],"collection":[{"href":"https:\/\/www.6enligne.net\/index.php?rest_route=\/wp\/v2\/pages"}],"about":[{"href":"https:\/\/www.6enligne.net\/index.php?rest_route=\/wp\/v2\/types\/page"}],"author":[{"embeddable":true,"href":"https:\/\/www.6enligne.net\/index.php?rest_route=\/wp\/v2\/users\/1"}],"replies":[{"embeddable":true,"href":"https:\/\/www.6enligne.net\/index.php?rest_route=%2Fwp%2Fv2%2Fcomments&post=559"}],"version-history":[{"count":10,"href":"https:\/\/www.6enligne.net\/index.php?rest_route=\/wp\/v2\/pages\/559\/revisions"}],"predecessor-version":[{"id":608,"href":"https:\/\/www.6enligne.net\/index.php?rest_route=\/wp\/v2\/pages\/559\/revisions\/608"}],"up":[{"embeddable":true,"href":"https:\/\/www.6enligne.net\/index.php?rest_route=\/wp\/v2\/pages\/77"}],"wp:attachment":[{"href":"https:\/\/www.6enligne.net\/index.php?rest_route=%2Fwp%2Fv2%2Fmedia&parent=559"}],"curies":[{"name":"wp","href":"https:\/\/api.w.org\/{rel}","templated":true}]}}