{"id":73,"date":"2024-09-08T22:52:16","date_gmt":"2024-09-08T20:52:16","guid":{"rendered":"https:\/\/www.6enligne.net\/?page_id=73"},"modified":"2025-03-11T22:15:10","modified_gmt":"2025-03-11T21:15:10","slug":"accueil","status":"publish","type":"page","link":"https:\/\/www.6enligne.net\/","title":{"rendered":"Accueil"},"content":{"rendered":"\t\t<div data-elementor-type=\"wp-page\" data-elementor-id=\"73\" class=\"elementor elementor-73\">\n\t\t\t\t<div class=\"elementor-element elementor-element-062eaba e-flex e-con-boxed e-con e-parent\" data-id=\"062eaba\" data-element_type=\"container\" data-e-type=\"container\">\n\t\t\t\t\t<div class=\"e-con-inner\">\n\t\t\t\t<div class=\"elementor-element elementor-element-753d234 elementor-widget elementor-widget-heading\" data-id=\"753d234\" data-element_type=\"widget\" data-e-type=\"widget\" data-widget_type=\"heading.default\">\n\t\t\t\t<div class=\"elementor-widget-container\">\n\t\t\t\t\t<h2 class=\"elementor-heading-title elementor-size-default\">Avancement du site<\/h2>\t\t\t\t<\/div>\n\t\t\t\t<\/div>\n\t\t\t\t<div class=\"elementor-element elementor-element-dae2ecf elementor-widget elementor-widget-progress\" data-id=\"dae2ecf\" data-element_type=\"widget\" data-e-type=\"widget\" data-widget_type=\"progress.default\">\n\t\t\t\t<div class=\"elementor-widget-container\">\n\t\t\t\t\t\t\t\t<span class=\"elementor-title\" id=\"elementor-progress-bar-dae2ecf\">\n\t\t\t\tImportation des fiches\t\t\t<\/span>\n\t\t\n\t\t<div aria-labelledby=\"elementor-progress-bar-dae2ecf\" class=\"elementor-progress-wrapper\" role=\"progressbar\" aria-valuemin=\"0\" aria-valuemax=\"100\" aria-valuenow=\"30\">\n\t\t\t<div class=\"elementor-progress-bar\" data-max=\"30\">\n\t\t\t\t<span class=\"elementor-progress-text\"><\/span>\n\t\t\t\t\t\t\t\t\t<span class=\"elementor-progress-percentage\">30%<\/span>\n\t\t\t\t\t\t\t<\/div>\n\t\t<\/div>\n\t\t\t\t\t\t<\/div>\n\t\t\t\t<\/div>\n\t\t<div class=\"elementor-element elementor-element-9eee66b e-grid e-con-full e-con e-child\" data-id=\"9eee66b\" data-element_type=\"container\" data-e-type=\"container\">\n\t\t\t\t<div class=\"elementor-element elementor-element-4c11e39 elementor-widget elementor-widget-heading\" data-id=\"4c11e39\" data-element_type=\"widget\" data-e-type=\"widget\" data-widget_type=\"heading.default\">\n\t\t\t\t<div class=\"elementor-widget-container\">\n\t\t\t\t\t<h5 class=\"elementor-heading-title elementor-size-default\">A faire<\/h5>\t\t\t\t<\/div>\n\t\t\t\t<\/div>\n\t\t\t\t<div class=\"elementor-element elementor-element-ce3e338 elementor-widget elementor-widget-heading\" data-id=\"ce3e338\" data-element_type=\"widget\" data-e-type=\"widget\" data-widget_type=\"heading.default\">\n\t\t\t\t<div class=\"elementor-widget-container\">\n\t\t\t\t\t<h5 class=\"elementor-heading-title elementor-size-default\">Fait<\/h5>\t\t\t\t<\/div>\n\t\t\t\t<\/div>\n\t\t\t\t<div class=\"elementor-element elementor-element-8b8c384 elementor-widget elementor-widget-text-editor\" data-id=\"8b8c384\" data-element_type=\"widget\" data-e-type=\"widget\" data-widget_type=\"text-editor.default\">\n\t\t\t\t<div class=\"elementor-widget-container\">\n\t\t\t\t\t\t\t\t\t<ul><li>Section \u00ab\u00a0auteur\u00a0\u00bb pour chaque fiche technique<\/li><\/ul>\t\t\t\t\t\t\t\t<\/div>\n\t\t\t\t<\/div>\n\t\t\t\t<div class=\"elementor-element elementor-element-3d70761 elementor-widget elementor-widget-text-editor\" data-id=\"3d70761\" data-element_type=\"widget\" data-e-type=\"widget\" data-widget_type=\"text-editor.default\">\n\t\t\t\t<div class=\"elementor-widget-container\">\n\t\t\t\t\t\t\t\t\t<ul><li>Page d&rsquo;accueil<\/li><li>Liens vers le forum<\/li><li>Cr\u00e9ation des cat\u00e9gories de fiches<\/li><\/ul>\t\t\t\t\t\t\t\t<\/div>\n\t\t\t\t<\/div>\n\t\t\t\t<\/div>\n\t\t\t\t<div class=\"elementor-element elementor-element-d861faa elementor-widget-divider--view-line elementor-widget elementor-widget-divider\" data-id=\"d861faa\" data-element_type=\"widget\" data-e-type=\"widget\" data-widget_type=\"divider.default\">\n\t\t\t\t<div class=\"elementor-widget-container\">\n\t\t\t\t\t\t\t<div class=\"elementor-divider\">\n\t\t\t<span class=\"elementor-divider-separator\">\n\t\t\t\t\t\t<\/span>\n\t\t<\/div>\n\t\t\t\t\t\t<\/div>\n\t\t\t\t<\/div>\n\t\t\t\t<div class=\"elementor-element elementor-element-ce30537 elementor-widget elementor-widget-heading\" data-id=\"ce30537\" data-element_type=\"widget\" data-e-type=\"widget\" data-widget_type=\"heading.default\">\n\t\t\t\t<div class=\"elementor-widget-container\">\n\t\t\t\t\t<h4 class=\"elementor-heading-title elementor-size-default\">Vous \u00eates membre du club et souhaitez participer \u00e0 la cr\u00e9ation du site ?<\/h4>\t\t\t\t<\/div>\n\t\t\t\t<\/div>\n\t\t\t\t\t<\/div>\n\t\t\t\t<\/div>\n\t\t\t\t<\/div>\n\t\t","protected":false},"excerpt":{"rendered":"<p>Avancement du site Importation des fiches 30% A faire Fait Section \u00ab\u00a0auteur\u00a0\u00bb pour chaque fiche technique Page d&rsquo;accueil Liens vers le forum Cr\u00e9ation des cat\u00e9gories de fiches Vous \u00eates membre du club et souhaitez participer \u00e0 la cr\u00e9ation du site ?<\/p>\n","protected":false},"author":1,"featured_media":0,"parent":0,"menu_order":0,"comment_status":"closed","ping_status":"closed","template":"","meta":{"_monsterinsights_skip_tracking":false,"_monsterinsights_sitenote_active":false,"_monsterinsights_sitenote_note":"","_monsterinsights_sitenote_category":0,"footnotes":""},"class_list":["post-73","page","type-page","status-publish","hentry"],"yoast_head":"<!-- This site is optimized with the Yoast SEO plugin v27.1.1 - https:\/\/yoast.com\/product\/yoast-seo-wordpress\/ -->\n<title>Club 6EnLigne - 6EnLigne<\/title>\n<meta name=\"description\" content=\"Club 6EnLigne : communaut\u00e9 de passionn\u00e9s de BMW et moteurs en ligne. Forums, conseils techniques, \u00e9v\u00e9nements.\" \/>\n<meta name=\"robots\" content=\"index, follow, max-snippet:-1, max-image-preview:large, max-video-preview:-1\" \/>\n<link rel=\"canonical\" href=\"https:\/\/www.6enligne.net\/\" \/>\n<meta property=\"og:locale\" content=\"fr_FR\" \/>\n<meta property=\"og:type\" content=\"article\" \/>\n<meta property=\"og:title\" content=\"Club 6EnLigne - 6EnLigne\" \/>\n<meta property=\"og:description\" content=\"Club 6EnLigne : communaut\u00e9 de passionn\u00e9s de BMW et moteurs en ligne. Forums, conseils techniques, \u00e9v\u00e9nements.\" \/>\n<meta property=\"og:url\" content=\"https:\/\/www.6enligne.net\/\" \/>\n<meta property=\"og:site_name\" content=\"6EnLigne\" \/>\n<meta property=\"article:modified_time\" content=\"2025-03-11T21:15:10+00:00\" \/>\n<meta name=\"twitter:card\" content=\"summary_large_image\" \/>\n<meta name=\"twitter:label1\" content=\"Dur\u00e9e de lecture estim\u00e9e\" \/>\n\t<meta name=\"twitter:data1\" content=\"1 minute\" \/>\n<script type=\"application\/ld+json\" class=\"yoast-schema-graph\">{\"@context\":\"https:\/\/schema.org\",\"@graph\":[{\"@type\":\"WebPage\",\"@id\":\"https:\/\/www.6enligne.net\/\",\"url\":\"https:\/\/www.6enligne.net\/\",\"name\":\"Club 6EnLigne - 6EnLigne\",\"isPartOf\":{\"@id\":\"https:\/\/www.6enligne.net\/#website\"},\"datePublished\":\"2024-09-08T20:52:16+00:00\",\"dateModified\":\"2025-03-11T21:15:10+00:00\",\"description\":\"Club 6EnLigne : communaut\u00e9 de passionn\u00e9s de BMW et moteurs en ligne. Forums, conseils techniques, \u00e9v\u00e9nements.\",\"breadcrumb\":{\"@id\":\"https:\/\/www.6enligne.net\/#breadcrumb\"},\"inLanguage\":\"fr-FR\",\"potentialAction\":[{\"@type\":\"ReadAction\",\"target\":[\"https:\/\/www.6enligne.net\/\"]}]},{\"@type\":\"BreadcrumbList\",\"@id\":\"https:\/\/www.6enligne.net\/#breadcrumb\",\"itemListElement\":[{\"@type\":\"ListItem\",\"position\":1,\"name\":\"Accueil\",\"item\":\"https:\/\/www.6enligne.net\/\"},{\"@type\":\"ListItem\",\"position\":2,\"name\":\"Accueil\"}]},{\"@type\":\"WebSite\",\"@id\":\"https:\/\/www.6enligne.net\/#website\",\"url\":\"https:\/\/www.6enligne.net\/\",\"name\":\"6enligne.net\",\"description\":\"\",\"publisher\":{\"@id\":\"https:\/\/www.6enligne.net\/#organization\"},\"potentialAction\":[{\"@type\":\"SearchAction\",\"target\":{\"@type\":\"EntryPoint\",\"urlTemplate\":\"https:\/\/www.6enligne.net\/?s={search_term_string}\"},\"query-input\":{\"@type\":\"PropertyValueSpecification\",\"valueRequired\":true,\"valueName\":\"search_term_string\"}}],\"inLanguage\":\"fr-FR\"},{\"@type\":\"Organization\",\"@id\":\"https:\/\/www.6enligne.net\/#organization\",\"name\":\"6enligne.net\",\"url\":\"https:\/\/www.6enligne.net\/\",\"logo\":{\"@type\":\"ImageObject\",\"inLanguage\":\"fr-FR\",\"@id\":\"https:\/\/www.6enligne.net\/#\/schema\/logo\/image\/\",\"url\":\"https:\/\/i0.wp.com\/www.6enligne.net\/wp-content\/uploads\/2025\/01\/cropped-images-removebg-preview.png?fit=176%2C166&ssl=1\",\"contentUrl\":\"https:\/\/i0.wp.com\/www.6enligne.net\/wp-content\/uploads\/2025\/01\/cropped-images-removebg-preview.png?fit=176%2C166&ssl=1\",\"width\":176,\"height\":166,\"caption\":\"6enligne.net\"},\"image\":{\"@id\":\"https:\/\/www.6enligne.net\/#\/schema\/logo\/image\/\"}}]}<\/script>\n<!-- \/ Yoast SEO plugin. -->","yoast_head_json":{"title":"Club 6EnLigne - 6EnLigne","description":"Club 6EnLigne : communaut\u00e9 de passionn\u00e9s de BMW et moteurs en ligne. Forums, conseils techniques, \u00e9v\u00e9nements.","robots":{"index":"index","follow":"follow","max-snippet":"max-snippet:-1","max-image-preview":"max-image-preview:large","max-video-preview":"max-video-preview:-1"},"canonical":"https:\/\/www.6enligne.net\/","og_locale":"fr_FR","og_type":"article","og_title":"Club 6EnLigne - 6EnLigne","og_description":"Club 6EnLigne : communaut\u00e9 de passionn\u00e9s de BMW et moteurs en ligne. Forums, conseils techniques, \u00e9v\u00e9nements.","og_url":"https:\/\/www.6enligne.net\/","og_site_name":"6EnLigne","article_modified_time":"2025-03-11T21:15:10+00:00","twitter_card":"summary_large_image","twitter_misc":{"Dur\u00e9e de lecture estim\u00e9e":"1 minute"},"schema":{"@context":"https:\/\/schema.org","@graph":[{"@type":"WebPage","@id":"https:\/\/www.6enligne.net\/","url":"https:\/\/www.6enligne.net\/","name":"Club 6EnLigne - 6EnLigne","isPartOf":{"@id":"https:\/\/www.6enligne.net\/#website"},"datePublished":"2024-09-08T20:52:16+00:00","dateModified":"2025-03-11T21:15:10+00:00","description":"Club 6EnLigne : communaut\u00e9 de passionn\u00e9s de BMW et moteurs en ligne. Forums, conseils techniques, \u00e9v\u00e9nements.","breadcrumb":{"@id":"https:\/\/www.6enligne.net\/#breadcrumb"},"inLanguage":"fr-FR","potentialAction":[{"@type":"ReadAction","target":["https:\/\/www.6enligne.net\/"]}]},{"@type":"BreadcrumbList","@id":"https:\/\/www.6enligne.net\/#breadcrumb","itemListElement":[{"@type":"ListItem","position":1,"name":"Accueil","item":"https:\/\/www.6enligne.net\/"},{"@type":"ListItem","position":2,"name":"Accueil"}]},{"@type":"WebSite","@id":"https:\/\/www.6enligne.net\/#website","url":"https:\/\/www.6enligne.net\/","name":"6enligne.net","description":"","publisher":{"@id":"https:\/\/www.6enligne.net\/#organization"},"potentialAction":[{"@type":"SearchAction","target":{"@type":"EntryPoint","urlTemplate":"https:\/\/www.6enligne.net\/?s={search_term_string}"},"query-input":{"@type":"PropertyValueSpecification","valueRequired":true,"valueName":"search_term_string"}}],"inLanguage":"fr-FR"},{"@type":"Organization","@id":"https:\/\/www.6enligne.net\/#organization","name":"6enligne.net","url":"https:\/\/www.6enligne.net\/","logo":{"@type":"ImageObject","inLanguage":"fr-FR","@id":"https:\/\/www.6enligne.net\/#\/schema\/logo\/image\/","url":"https:\/\/i0.wp.com\/www.6enligne.net\/wp-content\/uploads\/2025\/01\/cropped-images-removebg-preview.png?fit=176%2C166&ssl=1","contentUrl":"https:\/\/i0.wp.com\/www.6enligne.net\/wp-content\/uploads\/2025\/01\/cropped-images-removebg-preview.png?fit=176%2C166&ssl=1","width":176,"height":166,"caption":"6enligne.net"},"image":{"@id":"https:\/\/www.6enligne.net\/#\/schema\/logo\/image\/"}}]}},"jetpack_sharing_enabled":true,"_links":{"self":[{"href":"https:\/\/www.6enligne.net\/index.php?rest_route=\/wp\/v2\/pages\/73","targetHints":{"allow":["GET"]}}],"collection":[{"href":"https:\/\/www.6enligne.net\/index.php?rest_route=\/wp\/v2\/pages"}],"about":[{"href":"https:\/\/www.6enligne.net\/index.php?rest_route=\/wp\/v2\/types\/page"}],"author":[{"embeddable":true,"href":"https:\/\/www.6enligne.net\/index.php?rest_route=\/wp\/v2\/users\/1"}],"replies":[{"embeddable":true,"href":"https:\/\/www.6enligne.net\/index.php?rest_route=%2Fwp%2Fv2%2Fcomments&post=73"}],"version-history":[{"count":14,"href":"https:\/\/www.6enligne.net\/index.php?rest_route=\/wp\/v2\/pages\/73\/revisions"}],"predecessor-version":[{"id":783,"href":"https:\/\/www.6enligne.net\/index.php?rest_route=\/wp\/v2\/pages\/73\/revisions\/783"}],"wp:attachment":[{"href":"https:\/\/www.6enligne.net\/index.php?rest_route=%2Fwp%2Fv2%2Fmedia&parent=73"}],"curies":[{"name":"wp","href":"https:\/\/api.w.org\/{rel}","templated":true}]}}