{"id":742,"date":"2025-03-11T21:50:27","date_gmt":"2025-03-11T20:50:27","guid":{"rendered":"https:\/\/www.6enligne.net\/?page_id=742"},"modified":"2025-03-11T21:53:26","modified_gmt":"2025-03-11T20:53:26","slug":"ressources-et-liens-utiles","status":"publish","type":"page","link":"https:\/\/www.6enligne.net\/?page_id=742","title":{"rendered":"Ressources et Liens Utiles"},"content":{"rendered":"\t\t<div data-elementor-type=\"wp-page\" data-elementor-id=\"742\" class=\"elementor elementor-742\">\n\t\t\t\t<div class=\"elementor-element elementor-element-080e6e4 e-flex e-con-boxed e-con e-parent\" data-id=\"080e6e4\" data-element_type=\"container\" data-e-type=\"container\">\n\t\t\t\t\t<div class=\"e-con-inner\">\n\t\t\t\t<div class=\"elementor-element elementor-element-38f5b81 elementor-widget elementor-widget-text-editor\" data-id=\"38f5b81\" data-element_type=\"widget\" data-e-type=\"widget\" data-widget_type=\"text-editor.default\">\n\t\t\t\t<div class=\"elementor-widget-container\">\n\t\t\t\t\t\t\t\t\t<p><a href=\"https:\/\/bmwteka.com\/\" target=\"_blank\" rel=\"noopener\">BMW WDS Online<\/a> : Sch\u00e9matique \u00e9lectrique couvrant plusieurs mod\u00e8les<\/p><p><a href=\"https:\/\/www.realoem.com\/\" target=\"_blank\" rel=\"noopener\">RealOEM<\/a> : Catalogue de pi\u00e8ces avec vues \u00e9clat\u00e9es<\/p>\t\t\t\t\t\t\t\t<\/div>\n\t\t\t\t<\/div>\n\t\t\t\t\t<\/div>\n\t\t\t\t<\/div>\n\t\t\t\t<\/div>\n\t\t","protected":false},"excerpt":{"rendered":"<p>BMW WDS Online : Sch\u00e9matique \u00e9lectrique couvrant plusieurs mod\u00e8les RealOEM : Catalogue de pi\u00e8ces avec vues \u00e9clat\u00e9es<\/p>\n","protected":false},"author":1,"featured_media":0,"parent":0,"menu_order":0,"comment_status":"closed","ping_status":"closed","template":"","meta":{"_monsterinsights_skip_tracking":false,"_monsterinsights_sitenote_active":false,"_monsterinsights_sitenote_note":"","_monsterinsights_sitenote_category":0,"footnotes":""},"class_list":["post-742","page","type-page","status-publish","hentry"],"yoast_head":"<!-- This site is optimized with the Yoast SEO plugin v27.1.1 - https:\/\/yoast.com\/product\/yoast-seo-wordpress\/ -->\n<title>Ressources et Liens Utiles - 6EnLigne<\/title>\n<meta name=\"robots\" content=\"index, follow, max-snippet:-1, max-image-preview:large, max-video-preview:-1\" \/>\n<link rel=\"canonical\" href=\"https:\/\/www.6enligne.net\/?page_id=742\" \/>\n<meta property=\"og:locale\" content=\"fr_FR\" \/>\n<meta property=\"og:type\" content=\"article\" \/>\n<meta property=\"og:title\" content=\"Ressources et Liens Utiles - 6EnLigne\" \/>\n<meta property=\"og:description\" content=\"BMW WDS Online : Sch\u00e9matique \u00e9lectrique couvrant plusieurs mod\u00e8les RealOEM : Catalogue de pi\u00e8ces avec vues \u00e9clat\u00e9es\" \/>\n<meta property=\"og:url\" content=\"https:\/\/www.6enligne.net\/?page_id=742\" \/>\n<meta property=\"og:site_name\" content=\"6EnLigne\" \/>\n<meta property=\"article:modified_time\" content=\"2025-03-11T20:53:26+00:00\" \/>\n<meta name=\"twitter:card\" content=\"summary_large_image\" \/>\n<meta name=\"twitter:label1\" content=\"Dur\u00e9e de lecture estim\u00e9e\" \/>\n\t<meta name=\"twitter:data1\" content=\"1 minute\" \/>\n<script type=\"application\/ld+json\" class=\"yoast-schema-graph\">{\"@context\":\"https:\/\/schema.org\",\"@graph\":[{\"@type\":\"WebPage\",\"@id\":\"https:\/\/www.6enligne.net\/?page_id=742\",\"url\":\"https:\/\/www.6enligne.net\/?page_id=742\",\"name\":\"Ressources et Liens Utiles - 6EnLigne\",\"isPartOf\":{\"@id\":\"https:\/\/www.6enligne.net\/#website\"},\"datePublished\":\"2025-03-11T20:50:27+00:00\",\"dateModified\":\"2025-03-11T20:53:26+00:00\",\"breadcrumb\":{\"@id\":\"https:\/\/www.6enligne.net\/?page_id=742#breadcrumb\"},\"inLanguage\":\"fr-FR\",\"potentialAction\":[{\"@type\":\"ReadAction\",\"target\":[\"https:\/\/www.6enligne.net\/?page_id=742\"]}]},{\"@type\":\"BreadcrumbList\",\"@id\":\"https:\/\/www.6enligne.net\/?page_id=742#breadcrumb\",\"itemListElement\":[{\"@type\":\"ListItem\",\"position\":1,\"name\":\"Accueil\",\"item\":\"https:\/\/www.6enligne.net\/\"},{\"@type\":\"ListItem\",\"position\":2,\"name\":\"Ressources et Liens Utiles\"}]},{\"@type\":\"WebSite\",\"@id\":\"https:\/\/www.6enligne.net\/#website\",\"url\":\"https:\/\/www.6enligne.net\/\",\"name\":\"6enligne.net\",\"description\":\"\",\"publisher\":{\"@id\":\"https:\/\/www.6enligne.net\/#organization\"},\"potentialAction\":[{\"@type\":\"SearchAction\",\"target\":{\"@type\":\"EntryPoint\",\"urlTemplate\":\"https:\/\/www.6enligne.net\/?s={search_term_string}\"},\"query-input\":{\"@type\":\"PropertyValueSpecification\",\"valueRequired\":true,\"valueName\":\"search_term_string\"}}],\"inLanguage\":\"fr-FR\"},{\"@type\":\"Organization\",\"@id\":\"https:\/\/www.6enligne.net\/#organization\",\"name\":\"6enligne.net\",\"url\":\"https:\/\/www.6enligne.net\/\",\"logo\":{\"@type\":\"ImageObject\",\"inLanguage\":\"fr-FR\",\"@id\":\"https:\/\/www.6enligne.net\/#\/schema\/logo\/image\/\",\"url\":\"https:\/\/i0.wp.com\/www.6enligne.net\/wp-content\/uploads\/2025\/01\/cropped-images-removebg-preview.png?fit=176%2C166&ssl=1\",\"contentUrl\":\"https:\/\/i0.wp.com\/www.6enligne.net\/wp-content\/uploads\/2025\/01\/cropped-images-removebg-preview.png?fit=176%2C166&ssl=1\",\"width\":176,\"height\":166,\"caption\":\"6enligne.net\"},\"image\":{\"@id\":\"https:\/\/www.6enligne.net\/#\/schema\/logo\/image\/\"}}]}<\/script>\n<!-- \/ Yoast SEO plugin. -->","yoast_head_json":{"title":"Ressources et Liens Utiles - 6EnLigne","robots":{"index":"index","follow":"follow","max-snippet":"max-snippet:-1","max-image-preview":"max-image-preview:large","max-video-preview":"max-video-preview:-1"},"canonical":"https:\/\/www.6enligne.net\/?page_id=742","og_locale":"fr_FR","og_type":"article","og_title":"Ressources et Liens Utiles - 6EnLigne","og_description":"BMW WDS Online : Sch\u00e9matique \u00e9lectrique couvrant plusieurs mod\u00e8les RealOEM : Catalogue de pi\u00e8ces avec vues \u00e9clat\u00e9es","og_url":"https:\/\/www.6enligne.net\/?page_id=742","og_site_name":"6EnLigne","article_modified_time":"2025-03-11T20:53:26+00:00","twitter_card":"summary_large_image","twitter_misc":{"Dur\u00e9e de lecture estim\u00e9e":"1 minute"},"schema":{"@context":"https:\/\/schema.org","@graph":[{"@type":"WebPage","@id":"https:\/\/www.6enligne.net\/?page_id=742","url":"https:\/\/www.6enligne.net\/?page_id=742","name":"Ressources et Liens Utiles - 6EnLigne","isPartOf":{"@id":"https:\/\/www.6enligne.net\/#website"},"datePublished":"2025-03-11T20:50:27+00:00","dateModified":"2025-03-11T20:53:26+00:00","breadcrumb":{"@id":"https:\/\/www.6enligne.net\/?page_id=742#breadcrumb"},"inLanguage":"fr-FR","potentialAction":[{"@type":"ReadAction","target":["https:\/\/www.6enligne.net\/?page_id=742"]}]},{"@type":"BreadcrumbList","@id":"https:\/\/www.6enligne.net\/?page_id=742#breadcrumb","itemListElement":[{"@type":"ListItem","position":1,"name":"Accueil","item":"https:\/\/www.6enligne.net\/"},{"@type":"ListItem","position":2,"name":"Ressources et Liens Utiles"}]},{"@type":"WebSite","@id":"https:\/\/www.6enligne.net\/#website","url":"https:\/\/www.6enligne.net\/","name":"6enligne.net","description":"","publisher":{"@id":"https:\/\/www.6enligne.net\/#organization"},"potentialAction":[{"@type":"SearchAction","target":{"@type":"EntryPoint","urlTemplate":"https:\/\/www.6enligne.net\/?s={search_term_string}"},"query-input":{"@type":"PropertyValueSpecification","valueRequired":true,"valueName":"search_term_string"}}],"inLanguage":"fr-FR"},{"@type":"Organization","@id":"https:\/\/www.6enligne.net\/#organization","name":"6enligne.net","url":"https:\/\/www.6enligne.net\/","logo":{"@type":"ImageObject","inLanguage":"fr-FR","@id":"https:\/\/www.6enligne.net\/#\/schema\/logo\/image\/","url":"https:\/\/i0.wp.com\/www.6enligne.net\/wp-content\/uploads\/2025\/01\/cropped-images-removebg-preview.png?fit=176%2C166&ssl=1","contentUrl":"https:\/\/i0.wp.com\/www.6enligne.net\/wp-content\/uploads\/2025\/01\/cropped-images-removebg-preview.png?fit=176%2C166&ssl=1","width":176,"height":166,"caption":"6enligne.net"},"image":{"@id":"https:\/\/www.6enligne.net\/#\/schema\/logo\/image\/"}}]}},"jetpack_sharing_enabled":true,"_links":{"self":[{"href":"https:\/\/www.6enligne.net\/index.php?rest_route=\/wp\/v2\/pages\/742","targetHints":{"allow":["GET"]}}],"collection":[{"href":"https:\/\/www.6enligne.net\/index.php?rest_route=\/wp\/v2\/pages"}],"about":[{"href":"https:\/\/www.6enligne.net\/index.php?rest_route=\/wp\/v2\/types\/page"}],"author":[{"embeddable":true,"href":"https:\/\/www.6enligne.net\/index.php?rest_route=\/wp\/v2\/users\/1"}],"replies":[{"embeddable":true,"href":"https:\/\/www.6enligne.net\/index.php?rest_route=%2Fwp%2Fv2%2Fcomments&post=742"}],"version-history":[{"count":7,"href":"https:\/\/www.6enligne.net\/index.php?rest_route=\/wp\/v2\/pages\/742\/revisions"}],"predecessor-version":[{"id":750,"href":"https:\/\/www.6enligne.net\/index.php?rest_route=\/wp\/v2\/pages\/742\/revisions\/750"}],"wp:attachment":[{"href":"https:\/\/www.6enligne.net\/index.php?rest_route=%2Fwp%2Fv2%2Fmedia&parent=742"}],"curies":[{"name":"wp","href":"https:\/\/api.w.org\/{rel}","templated":true}]}}