{"id":77,"date":"2024-09-08T23:00:05","date_gmt":"2024-09-08T21:00:05","guid":{"rendered":"https:\/\/www.6enligne.net\/?page_id=77"},"modified":"2024-11-09T15:36:40","modified_gmt":"2024-11-09T14:36:40","slug":"les-fiches-techniques","status":"publish","type":"page","link":"https:\/\/www.6enligne.net\/?page_id=77","title":{"rendered":"Les Fiches Techniques"},"content":{"rendered":"\t\t<div data-elementor-type=\"wp-page\" data-elementor-id=\"77\" class=\"elementor elementor-77\">\n\t\t\t\t<div class=\"elementor-element elementor-element-c68886c e-flex e-con-boxed e-con e-parent\" data-id=\"c68886c\" data-element_type=\"container\" data-e-type=\"container\">\n\t\t\t\t\t<div class=\"e-con-inner\">\n\t\t\t\t<div class=\"elementor-element elementor-element-e24f242 elementor-alert-danger elementor-widget elementor-widget-alert\" data-id=\"e24f242\" data-element_type=\"widget\" data-e-type=\"widget\" data-widget_type=\"alert.default\">\n\t\t\t\t<div class=\"elementor-widget-container\">\n\t\t\t\t\t\t\t<div class=\"elementor-alert\" role=\"alert\">\n\n\t\t\t\t\t\t<span class=\"elementor-alert-title\">Important<\/span>\n\t\t\t\n\t\t\t\t\t\t<span class=\"elementor-alert-description\">Nous d\u00e9clinons toute responsabilit\u00e9 en cas de dommages caus\u00e9s suite \u00e0 utilisation de ces fiches technique.\nToute reproduction m\u00eame partielle du contenu des fiches technique sans notre accord pr\u00e9alable est strictement interdite.<\/span>\n\t\t\t\n\t\t\t\t\t\t<button type=\"button\" class=\"elementor-alert-dismiss\" aria-label=\"Ignorer cette alerte.\">\n\t\t\t\t\t\t\t\t\t<span aria-hidden=\"true\">&times;<\/span>\n\t\t\t\t\t\t\t<\/button>\n\t\t\t\n\t\t<\/div>\n\t\t\t\t\t\t<\/div>\n\t\t\t\t<\/div>\n\t\t\t\t\t<\/div>\n\t\t\t\t<\/div>\n\t\t\t\t<\/div>\n\t\t","protected":false},"excerpt":{"rendered":"<p>Important Nous d\u00e9clinons toute responsabilit\u00e9 en cas de dommages caus\u00e9s suite \u00e0 utilisation de ces fiches technique. Toute reproduction m\u00eame partielle du contenu des fiches technique sans notre accord pr\u00e9alable est strictement interdite. &times; Ignorer cette alerte.<\/p>\n","protected":false},"author":1,"featured_media":0,"parent":0,"menu_order":0,"comment_status":"closed","ping_status":"closed","template":"page-templates\/template-pagebuilder-full-width.php","meta":{"_monsterinsights_skip_tracking":false,"_monsterinsights_sitenote_active":false,"_monsterinsights_sitenote_note":"","_monsterinsights_sitenote_category":0,"footnotes":""},"class_list":["post-77","page","type-page","status-publish","hentry"],"yoast_head":"<!-- This site is optimized with the Yoast SEO plugin v27.1.1 - https:\/\/yoast.com\/product\/yoast-seo-wordpress\/ -->\n<title>Les Fiches Techniques - 6EnLigne<\/title>\n<meta name=\"robots\" content=\"index, follow, max-snippet:-1, max-image-preview:large, max-video-preview:-1\" \/>\n<link rel=\"canonical\" href=\"https:\/\/www.6enligne.net\/?page_id=77\" \/>\n<meta property=\"og:locale\" content=\"fr_FR\" \/>\n<meta property=\"og:type\" content=\"article\" \/>\n<meta property=\"og:title\" content=\"Les Fiches Techniques - 6EnLigne\" \/>\n<meta property=\"og:description\" content=\"Important Nous d\u00e9clinons toute responsabilit\u00e9 en cas de dommages caus\u00e9s suite \u00e0 utilisation de ces fiches technique. Toute reproduction m\u00eame partielle du contenu des fiches technique sans notre accord pr\u00e9alable est strictement interdite. &times; Ignorer cette alerte.\" \/>\n<meta property=\"og:url\" content=\"https:\/\/www.6enligne.net\/?page_id=77\" \/>\n<meta property=\"og:site_name\" content=\"6EnLigne\" \/>\n<meta property=\"article:modified_time\" content=\"2024-11-09T14:36:40+00:00\" \/>\n<meta name=\"twitter:card\" content=\"summary_large_image\" \/>\n<script type=\"application\/ld+json\" class=\"yoast-schema-graph\">{\"@context\":\"https:\/\/schema.org\",\"@graph\":[{\"@type\":\"WebPage\",\"@id\":\"https:\/\/www.6enligne.net\/?page_id=77\",\"url\":\"https:\/\/www.6enligne.net\/?page_id=77\",\"name\":\"Les Fiches Techniques - 6EnLigne\",\"isPartOf\":{\"@id\":\"https:\/\/www.6enligne.net\/#website\"},\"datePublished\":\"2024-09-08T21:00:05+00:00\",\"dateModified\":\"2024-11-09T14:36:40+00:00\",\"breadcrumb\":{\"@id\":\"https:\/\/www.6enligne.net\/?page_id=77#breadcrumb\"},\"inLanguage\":\"fr-FR\",\"potentialAction\":[{\"@type\":\"ReadAction\",\"target\":[\"https:\/\/www.6enligne.net\/?page_id=77\"]}]},{\"@type\":\"BreadcrumbList\",\"@id\":\"https:\/\/www.6enligne.net\/?page_id=77#breadcrumb\",\"itemListElement\":[{\"@type\":\"ListItem\",\"position\":1,\"name\":\"Accueil\",\"item\":\"https:\/\/www.6enligne.net\/\"},{\"@type\":\"ListItem\",\"position\":2,\"name\":\"Les Fiches Techniques\"}]},{\"@type\":\"WebSite\",\"@id\":\"https:\/\/www.6enligne.net\/#website\",\"url\":\"https:\/\/www.6enligne.net\/\",\"name\":\"6enligne.net\",\"description\":\"\",\"publisher\":{\"@id\":\"https:\/\/www.6enligne.net\/#organization\"},\"potentialAction\":[{\"@type\":\"SearchAction\",\"target\":{\"@type\":\"EntryPoint\",\"urlTemplate\":\"https:\/\/www.6enligne.net\/?s={search_term_string}\"},\"query-input\":{\"@type\":\"PropertyValueSpecification\",\"valueRequired\":true,\"valueName\":\"search_term_string\"}}],\"inLanguage\":\"fr-FR\"},{\"@type\":\"Organization\",\"@id\":\"https:\/\/www.6enligne.net\/#organization\",\"name\":\"6enligne.net\",\"url\":\"https:\/\/www.6enligne.net\/\",\"logo\":{\"@type\":\"ImageObject\",\"inLanguage\":\"fr-FR\",\"@id\":\"https:\/\/www.6enligne.net\/#\/schema\/logo\/image\/\",\"url\":\"https:\/\/i0.wp.com\/www.6enligne.net\/wp-content\/uploads\/2025\/01\/cropped-images-removebg-preview.png?fit=176%2C166&ssl=1\",\"contentUrl\":\"https:\/\/i0.wp.com\/www.6enligne.net\/wp-content\/uploads\/2025\/01\/cropped-images-removebg-preview.png?fit=176%2C166&ssl=1\",\"width\":176,\"height\":166,\"caption\":\"6enligne.net\"},\"image\":{\"@id\":\"https:\/\/www.6enligne.net\/#\/schema\/logo\/image\/\"}}]}<\/script>\n<!-- \/ Yoast SEO plugin. -->","yoast_head_json":{"title":"Les Fiches Techniques - 6EnLigne","robots":{"index":"index","follow":"follow","max-snippet":"max-snippet:-1","max-image-preview":"max-image-preview:large","max-video-preview":"max-video-preview:-1"},"canonical":"https:\/\/www.6enligne.net\/?page_id=77","og_locale":"fr_FR","og_type":"article","og_title":"Les Fiches Techniques - 6EnLigne","og_description":"Important Nous d\u00e9clinons toute responsabilit\u00e9 en cas de dommages caus\u00e9s suite \u00e0 utilisation de ces fiches technique. Toute reproduction m\u00eame partielle du contenu des fiches technique sans notre accord pr\u00e9alable est strictement interdite. &times; Ignorer cette alerte.","og_url":"https:\/\/www.6enligne.net\/?page_id=77","og_site_name":"6EnLigne","article_modified_time":"2024-11-09T14:36:40+00:00","twitter_card":"summary_large_image","schema":{"@context":"https:\/\/schema.org","@graph":[{"@type":"WebPage","@id":"https:\/\/www.6enligne.net\/?page_id=77","url":"https:\/\/www.6enligne.net\/?page_id=77","name":"Les Fiches Techniques - 6EnLigne","isPartOf":{"@id":"https:\/\/www.6enligne.net\/#website"},"datePublished":"2024-09-08T21:00:05+00:00","dateModified":"2024-11-09T14:36:40+00:00","breadcrumb":{"@id":"https:\/\/www.6enligne.net\/?page_id=77#breadcrumb"},"inLanguage":"fr-FR","potentialAction":[{"@type":"ReadAction","target":["https:\/\/www.6enligne.net\/?page_id=77"]}]},{"@type":"BreadcrumbList","@id":"https:\/\/www.6enligne.net\/?page_id=77#breadcrumb","itemListElement":[{"@type":"ListItem","position":1,"name":"Accueil","item":"https:\/\/www.6enligne.net\/"},{"@type":"ListItem","position":2,"name":"Les Fiches Techniques"}]},{"@type":"WebSite","@id":"https:\/\/www.6enligne.net\/#website","url":"https:\/\/www.6enligne.net\/","name":"6enligne.net","description":"","publisher":{"@id":"https:\/\/www.6enligne.net\/#organization"},"potentialAction":[{"@type":"SearchAction","target":{"@type":"EntryPoint","urlTemplate":"https:\/\/www.6enligne.net\/?s={search_term_string}"},"query-input":{"@type":"PropertyValueSpecification","valueRequired":true,"valueName":"search_term_string"}}],"inLanguage":"fr-FR"},{"@type":"Organization","@id":"https:\/\/www.6enligne.net\/#organization","name":"6enligne.net","url":"https:\/\/www.6enligne.net\/","logo":{"@type":"ImageObject","inLanguage":"fr-FR","@id":"https:\/\/www.6enligne.net\/#\/schema\/logo\/image\/","url":"https:\/\/i0.wp.com\/www.6enligne.net\/wp-content\/uploads\/2025\/01\/cropped-images-removebg-preview.png?fit=176%2C166&ssl=1","contentUrl":"https:\/\/i0.wp.com\/www.6enligne.net\/wp-content\/uploads\/2025\/01\/cropped-images-removebg-preview.png?fit=176%2C166&ssl=1","width":176,"height":166,"caption":"6enligne.net"},"image":{"@id":"https:\/\/www.6enligne.net\/#\/schema\/logo\/image\/"}}]}},"jetpack_sharing_enabled":true,"_links":{"self":[{"href":"https:\/\/www.6enligne.net\/index.php?rest_route=\/wp\/v2\/pages\/77","targetHints":{"allow":["GET"]}}],"collection":[{"href":"https:\/\/www.6enligne.net\/index.php?rest_route=\/wp\/v2\/pages"}],"about":[{"href":"https:\/\/www.6enligne.net\/index.php?rest_route=\/wp\/v2\/types\/page"}],"author":[{"embeddable":true,"href":"https:\/\/www.6enligne.net\/index.php?rest_route=\/wp\/v2\/users\/1"}],"replies":[{"embeddable":true,"href":"https:\/\/www.6enligne.net\/index.php?rest_route=%2Fwp%2Fv2%2Fcomments&post=77"}],"version-history":[{"count":4,"href":"https:\/\/www.6enligne.net\/index.php?rest_route=\/wp\/v2\/pages\/77\/revisions"}],"predecessor-version":[{"id":113,"href":"https:\/\/www.6enligne.net\/index.php?rest_route=\/wp\/v2\/pages\/77\/revisions\/113"}],"wp:attachment":[{"href":"https:\/\/www.6enligne.net\/index.php?rest_route=%2Fwp%2Fv2%2Fmedia&parent=77"}],"curies":[{"name":"wp","href":"https:\/\/api.w.org\/{rel}","templated":true}]}}