{"id":96,"date":"2024-11-09T15:24:57","date_gmt":"2024-11-09T14:24:57","guid":{"rendered":"https:\/\/www.6enligne.net\/?page_id=96"},"modified":"2025-01-20T00:12:17","modified_gmt":"2025-01-19T23:12:17","slug":"audio","status":"publish","type":"page","link":"https:\/\/www.6enligne.net\/?page_id=96","title":{"rendered":"Audio"},"content":{"rendered":"\t\t<div data-elementor-type=\"wp-page\" data-elementor-id=\"96\" class=\"elementor elementor-96\">\n\t\t\t\t<div class=\"elementor-element elementor-element-14c5a348 e-flex e-con-boxed e-con e-parent\" data-id=\"14c5a348\" data-element_type=\"container\" data-e-type=\"container\">\n\t\t\t\t\t<div class=\"e-con-inner\">\n\t\t\t\t<div class=\"elementor-element elementor-element-3a113850 elementor-widget elementor-widget-text-editor\" data-id=\"3a113850\" data-element_type=\"widget\" data-e-type=\"widget\" data-widget_type=\"text-editor.default\">\n\t\t\t\t<div class=\"elementor-widget-container\">\n\t\t\t\t\t\t\t\t\t<ul><li><a href=\"https:\/\/www.6enligne.net\/?fiche_technique=les-connecteurs-pour-autoradio\">Les Connecteurs pour Autoradio<\/a><\/li><li><a href=\"https:\/\/www.6enligne.net\/?fiche_technique=comment-extraire-un-autoradio-blaupunkt\">Comment extraire un autoradio Blaupunkt<\/a><\/li><li><a href=\"https:\/\/www.6enligne.net\/?fiche_technique=remplacement-de-lautoradio-dorigine-sur-e46\">Remplacement de l&rsquo;autoradio d&rsquo;origine sur E46<\/a><\/li><li><a href=\"https:\/\/www.6enligne.net\/?fiche_technique=ajout-dune-entree-aux-sur-un-autoradio-bmw\">Ajout d&rsquo;une entr\u00e9e \u00ab AUX \u00bb sur un autoradio BMW<\/a><\/li><li><a href=\"https:\/\/www.6enligne.net\/?fiche_technique=installation-dun-chargeur-cd-sur-e46\">Installation d&rsquo;un chargeur CD sur E46<\/a><\/li><li><a href=\"https:\/\/www.6enligne.net\/?fiche_technique=sonorisation-arriere-sur-e46\">Sonorisation arri\u00e8re sur E46<\/a><\/li><\/ul>\t\t\t\t\t\t\t\t<\/div>\n\t\t\t\t<\/div>\n\t\t\t\t\t<\/div>\n\t\t\t\t<\/div>\n\t\t<div class=\"elementor-element elementor-element-1f5355c e-flex e-con-boxed e-con e-parent\" data-id=\"1f5355c\" data-element_type=\"container\" data-e-type=\"container\">\n\t\t\t\t\t<div class=\"e-con-inner\">\n\t\t\t\t<div class=\"elementor-element elementor-element-ffc8b6a elementor-alert-danger elementor-widget elementor-widget-alert\" data-id=\"ffc8b6a\" data-element_type=\"widget\" data-e-type=\"widget\" data-widget_type=\"alert.default\">\n\t\t\t\t<div class=\"elementor-widget-container\">\n\t\t\t\t\t\t\t<div class=\"elementor-alert\" role=\"alert\">\n\n\t\t\t\t\t\t<span class=\"elementor-alert-title\">Important<\/span>\n\t\t\t\n\t\t\t\t\t\t<span class=\"elementor-alert-description\">Nous d\u00e9clinons toute responsabilit\u00e9 en cas de dommages caus\u00e9s suite \u00e0 utilisation de ces fiches technique.\nToute reproduction m\u00eame partielle du contenu des fiches technique sans notre accord pr\u00e9alable est strictement interdite.<\/span>\n\t\t\t\n\t\t\t\n\t\t<\/div>\n\t\t\t\t\t\t<\/div>\n\t\t\t\t<\/div>\n\t\t\t\t\t<\/div>\n\t\t\t\t<\/div>\n\t\t\t\t<\/div>\n\t\t","protected":false},"excerpt":{"rendered":"<p>Les Connecteurs pour Autoradio Comment extraire un autoradio Blaupunkt Remplacement de l&rsquo;autoradio d&rsquo;origine sur E46 Ajout d&rsquo;une entr\u00e9e \u00ab AUX \u00bb sur un autoradio BMW Installation d&rsquo;un chargeur CD sur E46 Sonorisation arri\u00e8re sur E46 Important Nous d\u00e9clinons toute responsabilit\u00e9 en cas de dommages caus\u00e9s suite \u00e0 utilisation de ces [&hellip;]<\/p>\n","protected":false},"author":1,"featured_media":0,"parent":77,"menu_order":0,"comment_status":"closed","ping_status":"closed","template":"","meta":{"_monsterinsights_skip_tracking":false,"_monsterinsights_sitenote_active":false,"_monsterinsights_sitenote_note":"","_monsterinsights_sitenote_category":0,"footnotes":""},"class_list":["post-96","page","type-page","status-publish","hentry"],"yoast_head":"<!-- This site is optimized with the Yoast SEO plugin v27.1.1 - https:\/\/yoast.com\/product\/yoast-seo-wordpress\/ -->\n<title>Audio - 6EnLigne<\/title>\n<meta name=\"robots\" content=\"index, follow, max-snippet:-1, max-image-preview:large, max-video-preview:-1\" \/>\n<link rel=\"canonical\" href=\"https:\/\/www.6enligne.net\/?page_id=96\" \/>\n<meta property=\"og:locale\" content=\"fr_FR\" \/>\n<meta property=\"og:type\" content=\"article\" \/>\n<meta property=\"og:title\" content=\"Audio - 6EnLigne\" \/>\n<meta property=\"og:description\" content=\"Les Connecteurs pour Autoradio Comment extraire un autoradio Blaupunkt Remplacement de l&rsquo;autoradio d&rsquo;origine sur E46 Ajout d&rsquo;une entr\u00e9e \u00ab AUX \u00bb sur un autoradio BMW Installation d&rsquo;un chargeur CD sur E46 Sonorisation arri\u00e8re sur E46 Important Nous d\u00e9clinons toute responsabilit\u00e9 en cas de dommages caus\u00e9s suite \u00e0 utilisation de ces [&hellip;]\" \/>\n<meta property=\"og:url\" content=\"https:\/\/www.6enligne.net\/?page_id=96\" \/>\n<meta property=\"og:site_name\" content=\"6EnLigne\" \/>\n<meta property=\"article:modified_time\" content=\"2025-01-19T23:12:17+00:00\" \/>\n<meta name=\"twitter:card\" content=\"summary_large_image\" \/>\n<meta name=\"twitter:label1\" content=\"Dur\u00e9e de lecture estim\u00e9e\" \/>\n\t<meta name=\"twitter:data1\" content=\"1 minute\" \/>\n<script type=\"application\/ld+json\" class=\"yoast-schema-graph\">{\"@context\":\"https:\/\/schema.org\",\"@graph\":[{\"@type\":\"WebPage\",\"@id\":\"https:\/\/www.6enligne.net\/?page_id=96\",\"url\":\"https:\/\/www.6enligne.net\/?page_id=96\",\"name\":\"Audio - 6EnLigne\",\"isPartOf\":{\"@id\":\"https:\/\/www.6enligne.net\/#website\"},\"datePublished\":\"2024-11-09T14:24:57+00:00\",\"dateModified\":\"2025-01-19T23:12:17+00:00\",\"breadcrumb\":{\"@id\":\"https:\/\/www.6enligne.net\/?page_id=96#breadcrumb\"},\"inLanguage\":\"fr-FR\",\"potentialAction\":[{\"@type\":\"ReadAction\",\"target\":[\"https:\/\/www.6enligne.net\/?page_id=96\"]}]},{\"@type\":\"BreadcrumbList\",\"@id\":\"https:\/\/www.6enligne.net\/?page_id=96#breadcrumb\",\"itemListElement\":[{\"@type\":\"ListItem\",\"position\":1,\"name\":\"Accueil\",\"item\":\"https:\/\/www.6enligne.net\/\"},{\"@type\":\"ListItem\",\"position\":2,\"name\":\"Les Fiches Techniques\",\"item\":\"https:\/\/www.6enligne.net\/?page_id=77\"},{\"@type\":\"ListItem\",\"position\":3,\"name\":\"Audio\"}]},{\"@type\":\"WebSite\",\"@id\":\"https:\/\/www.6enligne.net\/#website\",\"url\":\"https:\/\/www.6enligne.net\/\",\"name\":\"6enligne.net\",\"description\":\"\",\"publisher\":{\"@id\":\"https:\/\/www.6enligne.net\/#organization\"},\"potentialAction\":[{\"@type\":\"SearchAction\",\"target\":{\"@type\":\"EntryPoint\",\"urlTemplate\":\"https:\/\/www.6enligne.net\/?s={search_term_string}\"},\"query-input\":{\"@type\":\"PropertyValueSpecification\",\"valueRequired\":true,\"valueName\":\"search_term_string\"}}],\"inLanguage\":\"fr-FR\"},{\"@type\":\"Organization\",\"@id\":\"https:\/\/www.6enligne.net\/#organization\",\"name\":\"6enligne.net\",\"url\":\"https:\/\/www.6enligne.net\/\",\"logo\":{\"@type\":\"ImageObject\",\"inLanguage\":\"fr-FR\",\"@id\":\"https:\/\/www.6enligne.net\/#\/schema\/logo\/image\/\",\"url\":\"https:\/\/i0.wp.com\/www.6enligne.net\/wp-content\/uploads\/2025\/01\/cropped-images-removebg-preview.png?fit=176%2C166&ssl=1\",\"contentUrl\":\"https:\/\/i0.wp.com\/www.6enligne.net\/wp-content\/uploads\/2025\/01\/cropped-images-removebg-preview.png?fit=176%2C166&ssl=1\",\"width\":176,\"height\":166,\"caption\":\"6enligne.net\"},\"image\":{\"@id\":\"https:\/\/www.6enligne.net\/#\/schema\/logo\/image\/\"}}]}<\/script>\n<!-- \/ Yoast SEO plugin. -->","yoast_head_json":{"title":"Audio - 6EnLigne","robots":{"index":"index","follow":"follow","max-snippet":"max-snippet:-1","max-image-preview":"max-image-preview:large","max-video-preview":"max-video-preview:-1"},"canonical":"https:\/\/www.6enligne.net\/?page_id=96","og_locale":"fr_FR","og_type":"article","og_title":"Audio - 6EnLigne","og_description":"Les Connecteurs pour Autoradio Comment extraire un autoradio Blaupunkt Remplacement de l&rsquo;autoradio d&rsquo;origine sur E46 Ajout d&rsquo;une entr\u00e9e \u00ab AUX \u00bb sur un autoradio BMW Installation d&rsquo;un chargeur CD sur E46 Sonorisation arri\u00e8re sur E46 Important Nous d\u00e9clinons toute responsabilit\u00e9 en cas de dommages caus\u00e9s suite \u00e0 utilisation de ces [&hellip;]","og_url":"https:\/\/www.6enligne.net\/?page_id=96","og_site_name":"6EnLigne","article_modified_time":"2025-01-19T23:12:17+00:00","twitter_card":"summary_large_image","twitter_misc":{"Dur\u00e9e de lecture estim\u00e9e":"1 minute"},"schema":{"@context":"https:\/\/schema.org","@graph":[{"@type":"WebPage","@id":"https:\/\/www.6enligne.net\/?page_id=96","url":"https:\/\/www.6enligne.net\/?page_id=96","name":"Audio - 6EnLigne","isPartOf":{"@id":"https:\/\/www.6enligne.net\/#website"},"datePublished":"2024-11-09T14:24:57+00:00","dateModified":"2025-01-19T23:12:17+00:00","breadcrumb":{"@id":"https:\/\/www.6enligne.net\/?page_id=96#breadcrumb"},"inLanguage":"fr-FR","potentialAction":[{"@type":"ReadAction","target":["https:\/\/www.6enligne.net\/?page_id=96"]}]},{"@type":"BreadcrumbList","@id":"https:\/\/www.6enligne.net\/?page_id=96#breadcrumb","itemListElement":[{"@type":"ListItem","position":1,"name":"Accueil","item":"https:\/\/www.6enligne.net\/"},{"@type":"ListItem","position":2,"name":"Les Fiches Techniques","item":"https:\/\/www.6enligne.net\/?page_id=77"},{"@type":"ListItem","position":3,"name":"Audio"}]},{"@type":"WebSite","@id":"https:\/\/www.6enligne.net\/#website","url":"https:\/\/www.6enligne.net\/","name":"6enligne.net","description":"","publisher":{"@id":"https:\/\/www.6enligne.net\/#organization"},"potentialAction":[{"@type":"SearchAction","target":{"@type":"EntryPoint","urlTemplate":"https:\/\/www.6enligne.net\/?s={search_term_string}"},"query-input":{"@type":"PropertyValueSpecification","valueRequired":true,"valueName":"search_term_string"}}],"inLanguage":"fr-FR"},{"@type":"Organization","@id":"https:\/\/www.6enligne.net\/#organization","name":"6enligne.net","url":"https:\/\/www.6enligne.net\/","logo":{"@type":"ImageObject","inLanguage":"fr-FR","@id":"https:\/\/www.6enligne.net\/#\/schema\/logo\/image\/","url":"https:\/\/i0.wp.com\/www.6enligne.net\/wp-content\/uploads\/2025\/01\/cropped-images-removebg-preview.png?fit=176%2C166&ssl=1","contentUrl":"https:\/\/i0.wp.com\/www.6enligne.net\/wp-content\/uploads\/2025\/01\/cropped-images-removebg-preview.png?fit=176%2C166&ssl=1","width":176,"height":166,"caption":"6enligne.net"},"image":{"@id":"https:\/\/www.6enligne.net\/#\/schema\/logo\/image\/"}}]}},"jetpack_sharing_enabled":true,"_links":{"self":[{"href":"https:\/\/www.6enligne.net\/index.php?rest_route=\/wp\/v2\/pages\/96","targetHints":{"allow":["GET"]}}],"collection":[{"href":"https:\/\/www.6enligne.net\/index.php?rest_route=\/wp\/v2\/pages"}],"about":[{"href":"https:\/\/www.6enligne.net\/index.php?rest_route=\/wp\/v2\/types\/page"}],"author":[{"embeddable":true,"href":"https:\/\/www.6enligne.net\/index.php?rest_route=\/wp\/v2\/users\/1"}],"replies":[{"embeddable":true,"href":"https:\/\/www.6enligne.net\/index.php?rest_route=%2Fwp%2Fv2%2Fcomments&post=96"}],"version-history":[{"count":13,"href":"https:\/\/www.6enligne.net\/index.php?rest_route=\/wp\/v2\/pages\/96\/revisions"}],"predecessor-version":[{"id":422,"href":"https:\/\/www.6enligne.net\/index.php?rest_route=\/wp\/v2\/pages\/96\/revisions\/422"}],"up":[{"embeddable":true,"href":"https:\/\/www.6enligne.net\/index.php?rest_route=\/wp\/v2\/pages\/77"}],"wp:attachment":[{"href":"https:\/\/www.6enligne.net\/index.php?rest_route=%2Fwp%2Fv2%2Fmedia&parent=96"}],"curies":[{"name":"wp","href":"https:\/\/api.w.org\/{rel}","templated":true}]}}